{"id":99,"date":"2020-05-03T14:42:46","date_gmt":"2020-05-03T14:42:46","guid":{"rendered":"http:\/\/ttc-straeten.de\/?page_id=99"},"modified":"2025-10-21T18:09:37","modified_gmt":"2025-10-21T18:09:37","slug":"99-2","status":"publish","type":"page","link":"https:\/\/ttc-straeten.de\/?page_id=99","title":{"rendered":""},"content":{"rendered":"\n<div class=\"wp-block-group is-layout-constrained wp-block-group-is-layout-constrained\"><div class=\"wp-block-group__inner-container\">\n<div class=\"wp-block-group is-layout-flow wp-block-group-is-layout-flow\"><div class=\"wp-block-group__inner-container\">\n<h2 class=\"wp-block-heading has-text-color\" style=\"color:#006dbe\"><strong>Spielbetrieb<\/strong><\/h2>\n\n\n\n<div style=\"height:30px\" aria-hidden=\"true\" class=\"wp-block-spacer\"><\/div>\n\n\n\n<div style=\"height:30px\" aria-hidden=\"true\" class=\"wp-block-spacer\"><\/div>\n\n\n\n<p class=\"has-medium-font-size\">Alle relevanten Infos zum Spielbetrieb findet Ihr bei mytischtennis.de:<\/p>\n<\/div><\/div>\n\n\n\n<p><\/p>\n\n\n\n<div class=\"wp-block-group is-layout-flow wp-block-group-is-layout-flow\"><div class=\"wp-block-group__inner-container\">\n<p class=\"has-medium-font-size\">Eine \u00dcbersicht \u00fcber alle teilnehmenden Mannschaften unseres Vereins findet Ihr <strong><a rel=\"noreferrer noopener\" href=\"https:\/\/www.mytischtennis.de\/click-tt\/WTTV\/25--26\/verein\/23722\/TTC_Straeten_1974_e.V.\/mannschaften\" data-type=\"link\" data-id=\"https:\/\/www.mytischtennis.de\/click-tt\/WTTV\/25--26\/verein\/23722\/TTC_Straeten_1974_e.V.\/spielplan\" target=\"_blank\">hier<\/a><\/strong>.<\/p>\n\n\n\n<p><\/p>\n\n\n\n<p class=\"has-medium-font-size\">Zu den vollst\u00e4ndigen Ergebnissen unseres Vereins geht&#8217;s <strong><a rel=\"noreferrer noopener\" href=\"https:\/\/www.mytischtennis.de\/click-tt\/WTTV\/25--26\/verein\/23722\/TTC_Straeten_1974_e.V.\/spielplan\" data-type=\"link\" data-id=\"https:\/\/www.mytischtennis.de\/click-tt\/WTTV\/25--26\/verein\/23722\/TTC_Straeten_1974_e.V.\/spielplan\" target=\"_blank\">hier<\/a><\/strong>. <\/p>\n\n\n\n<p><\/p>\n\n\n\n<p class=\"has-medium-font-size\">Die Aufstellungen unserer Mannschaften k\u00f6nnt Ihr <strong><a href=\"https:\/\/www.mytischtennis.de\/click-tt\/WTTV\/25--26\/verein\/23722\/TTC_Straeten_1974_e.V.\/meldungen\" data-type=\"link\" data-id=\"https:\/\/www.mytischtennis.de\/click-tt\/WTTV\/25--26\/verein\/23722\/TTC_Straeten_1974_e.V.\/meldungen\" target=\"_blank\" rel=\"noreferrer noopener\">hier<\/a><\/strong> abrufen.<\/p>\n\n\n\n<p><\/p>\n\n\n\n<p class=\"has-medium-font-size\">Alles weitere Wissenwerte zum TTC Straeten findet Ihr <strong><a rel=\"noreferrer noopener\" href=\"https:\/\/www.mytischtennis.de\/click-tt\/WTTV\/25--26\/verein\/23722\/TTC_Straeten_1974_e.V.\/info\" data-type=\"link\" data-id=\"https:\/\/www.mytischtennis.de\/click-tt\/WTTV\/25--26\/verein\/23722\/TTC_Straeten_1974_e.V.\/info\" target=\"_blank\">hier<\/a><\/strong>.<\/p>\n\n\n\n<p class=\"has-medium-font-size\"><\/p>\n<\/div><\/div>\n\n\n\n<div class=\"wp-block-group is-layout-flow wp-block-group-is-layout-flow\"><div class=\"wp-block-group__inner-container\">\n<div style=\"height:50px\" aria-hidden=\"true\" class=\"wp-block-spacer\"><\/div>\n\n\n\n<p class=\"has-medium-font-size\"><\/p>\n\n\n\n<div style=\"height:20px;width:0px\" aria-hidden=\"true\" class=\"wp-block-spacer\"><\/div>\n\n\n\n<p class=\"has-text-align-center has-medium-font-size\"><strong>Newsticker mit allen Infos aus dem Tischtennissport:<\/strong><\/p>\n<\/div><\/div>\n\n\n\n<p class=\"has-text-align-center\"><a href=\"https:\/\/www.mytischtennis.de\/\" data-type=\"link\" data-id=\"https:\/\/www.mytischtennis.de\/\">https:\/\/www.mytischtennis.de\/<\/a><\/p>\n\n\n\n<div style=\"height:20px;width:0px\" aria-hidden=\"true\" class=\"wp-block-spacer\"><\/div>\n<\/div><\/div>\n","protected":false},"excerpt":{"rendered":"<p>Spielbetrieb Alle relevanten Infos zum Spielbetrieb findet Ihr bei mytischtennis.de: Eine \u00dcbersicht \u00fcber alle teilnehmenden Mannschaften unseres Vereins findet Ihr hier. Zu den vollst\u00e4ndigen Ergebnissen unseres Vereins geht&#8217;s hier. Die Aufstellungen unserer Mannschaften k\u00f6nnt Ihr hier abrufen. Alles weitere Wissenwerte zum TTC Straeten findet Ihr hier. Newsticker mit allen Infos aus dem Tischtennissport: https:\/\/www.mytischtennis.de\/<\/p>\n","protected":false},"author":1,"featured_media":0,"parent":0,"menu_order":0,"comment_status":"closed","ping_status":"closed","template":"","meta":{"footnotes":""},"_links":{"self":[{"href":"https:\/\/ttc-straeten.de\/index.php?rest_route=\/wp\/v2\/pages\/99"}],"collection":[{"href":"https:\/\/ttc-straeten.de\/index.php?rest_route=\/wp\/v2\/pages"}],"about":[{"href":"https:\/\/ttc-straeten.de\/index.php?rest_route=\/wp\/v2\/types\/page"}],"author":[{"embeddable":true,"href":"https:\/\/ttc-straeten.de\/index.php?rest_route=\/wp\/v2\/users\/1"}],"replies":[{"embeddable":true,"href":"https:\/\/ttc-straeten.de\/index.php?rest_route=%2Fwp%2Fv2%2Fcomments&post=99"}],"version-history":[{"count":36,"href":"https:\/\/ttc-straeten.de\/index.php?rest_route=\/wp\/v2\/pages\/99\/revisions"}],"predecessor-version":[{"id":517,"href":"https:\/\/ttc-straeten.de\/index.php?rest_route=\/wp\/v2\/pages\/99\/revisions\/517"}],"wp:attachment":[{"href":"https:\/\/ttc-straeten.de\/index.php?rest_route=%2Fwp%2Fv2%2Fmedia&parent=99"}],"curies":[{"name":"wp","href":"https:\/\/api.w.org\/{rel}","templated":true}]}}