{"id":14,"date":"2020-04-12T16:18:49","date_gmt":"2020-04-12T16:18:49","guid":{"rendered":"http:\/\/ttc-straeten.de\/?page_id=14"},"modified":"2022-10-01T18:26:49","modified_gmt":"2022-10-01T18:26:49","slug":"kontakt","status":"publish","type":"page","link":"https:\/\/ttc-straeten.de\/?page_id=14","title":{"rendered":""},"content":{"rendered":"\n<h2 class=\"has-text-color wp-block-heading\" style=\"color:#006dbe\"><strong>Kontakt<\/strong><\/h2>\n\n\n\n<div class=\"wp-block-spacer\" style=\"height: 20px;\" aria-hidden=\"true\">\u00a0<\/div>\n\n\n\n<p class=\"has-text-color has-medium-font-size\" style=\"color:#000000\">So k\u00f6nnt Ihr uns erreichen:<\/p>\n\n\n\n<div class=\"wp-block-spacer\" style=\"height: 35px;\" aria-hidden=\"true\">\u00a0<\/div>\n\n\n\n<p class=\"has-very-light-gray-background-color has-text-color has-background has-medium-font-size\" style=\"color:#000000\"><strong>Erreichbarkeit<\/strong><\/p>\n\n\n\n<p class=\"has-text-color has-background has-medium-font-size\" style=\"background-color:#ffffff;color:#000000\">TTC Straeten 1974 e. V.<br>R\u00f6merstr. 89<br>52525 Heinsberg-Straeten<br><br>Ansprechpartner:<br>Andreas Evers, Vorsitzender<br><br>E-Mail: ttc-straeten(at)gmx.de<\/p>\n\n\n\n<div class=\"wp-block-spacer\" style=\"height: 20px;\" aria-hidden=\"true\">\u00a0<\/div>\n\n\n\n<p class=\"has-very-light-gray-background-color has-text-color has-background has-medium-font-size\" style=\"color:#000000\"><strong>Spielst\u00e4tte<\/strong><\/p>\n\n\n\n<p class=\"has-text-color has-background has-medium-font-size\" style=\"background-color:#ffffff;color:#000000\">Turnhalle der Grundschule Straeten<br>R\u00f6merstr. (Turnhalle)<br>52525 Heinsberg-Straeten<\/p>\n\n\n\n<div class=\"wp-block-spacer\" style=\"height: 20px;\" aria-hidden=\"true\">\u00a0<\/div>\n\n\n\n<p class=\"has-very-light-gray-background-color has-background has-medium-font-size\"><p class=\"has-text-color has-background has-medium-font-size has-very-light-gray-background-color\" style=\"color: #000000;\"><strong>Anfahrt<\/strong><\/p>\n<p>&nbsp;<\/p><\/p>\n\n\n\n<p class=\"has-medium-font-size\"><\/p>\n\n\n\n\n<p><iframe loading=\"lazy\" style=\"border: 0;\" tabindex=\"0\" src=\"https:\/\/www.google.com\/maps\/embed?pb=!1m18!1m12!1m3!1d9988.12895645316!2d6.083738241622291!3d51.014195969796724!2m3!1f0!2f0!3f0!3m2!1i1024!2i768!4f13.1!3m3!1m2!1s0x47c0a55b9a2b93bb%3A0xd49bea34d7c6593b!2sTTC%20Straeten%201974%20e.V.!5e1!3m2!1sde!2sde!4v1588518551542!5m2!1sde!2sde\" allowfullscreen=\"allowfullscreen\" aria-hidden=\"false\" width=\"600\" height=\"450\" frameborder=\"0\"><\/iframe><\/p>","protected":false},"excerpt":{"rendered":"<p>Kontakt So k\u00f6nnt Ihr uns erreichen: Erreichbarkeit TTC Straeten 1974 e. V.R\u00f6merstr. 8952525 Heinsberg-Straeten Ansprechpartner:Andreas Evers, Vorsitzender E-Mail: ttc-straeten(at)gmx.de Spielst\u00e4tte Turnhalle der Grundschule StraetenR\u00f6merstr. (Turnhalle)52525 Heinsberg-Straeten Anfahrt &nbsp;<\/p>\n","protected":false},"author":1,"featured_media":0,"parent":0,"menu_order":0,"comment_status":"closed","ping_status":"closed","template":"","meta":{"footnotes":""},"_links":{"self":[{"href":"https:\/\/ttc-straeten.de\/index.php?rest_route=\/wp\/v2\/pages\/14"}],"collection":[{"href":"https:\/\/ttc-straeten.de\/index.php?rest_route=\/wp\/v2\/pages"}],"about":[{"href":"https:\/\/ttc-straeten.de\/index.php?rest_route=\/wp\/v2\/types\/page"}],"author":[{"embeddable":true,"href":"https:\/\/ttc-straeten.de\/index.php?rest_route=\/wp\/v2\/users\/1"}],"replies":[{"embeddable":true,"href":"https:\/\/ttc-straeten.de\/index.php?rest_route=%2Fwp%2Fv2%2Fcomments&post=14"}],"version-history":[{"count":24,"href":"https:\/\/ttc-straeten.de\/index.php?rest_route=\/wp\/v2\/pages\/14\/revisions"}],"predecessor-version":[{"id":240,"href":"https:\/\/ttc-straeten.de\/index.php?rest_route=\/wp\/v2\/pages\/14\/revisions\/240"}],"wp:attachment":[{"href":"https:\/\/ttc-straeten.de\/index.php?rest_route=%2Fwp%2Fv2%2Fmedia&parent=14"}],"curies":[{"name":"wp","href":"https:\/\/api.w.org\/{rel}","templated":true}]}}